{"id":3542,"date":"2022-05-15T22:32:14","date_gmt":"2022-05-15T20:32:14","guid":{"rendered":"https:\/\/www.andersfox.se\/fortrolighedspolitik\/"},"modified":"2022-05-15T22:39:42","modified_gmt":"2022-05-15T20:39:42","slug":"fortrolighedspolitik","status":"publish","type":"page","link":"https:\/\/www.andersfox.se\/da\/fortrolighedspolitik\/","title":{"rendered":"Fortrolighedspolitik"},"content":{"rendered":"<p><div class=\"fusion-fullwidth fullwidth-box fusion-builder-row-1 fusion-flex-container fusion-parallax-none nonhundred-percent-fullwidth non-hundred-percent-height-scrolling lazyload\" style=\"--awb-border-radius-top-left:0px;--awb-border-radius-top-right:0px;--awb-border-radius-bottom-right:0px;--awb-border-radius-bottom-left:0px;--awb-padding-top:7%;--awb-padding-right:7%;--awb-padding-bottom:7%;--awb-padding-left:7%;--awb-margin-top:-120px;--awb-margin-bottom:0%;--awb-margin-bottom-small:30px;--awb-min-height:25vh;--awb-background-color:#000000;--awb-background-image:linear-gradient(180deg, rgba(0,0,0,0.5) 60%,#000000 100%);;--awb-background-size:cover;--awb-flex-wrap:wrap;\" data-bg=\"https:\/\/www.andersfox.se\/wp-content\/uploads\/2021\/11\/1800x1200-mingelbilder.jpg\" data-bg-gradient=\"linear-gradient(180deg, rgba(0,0,0,0.5) 60%,#000000 100%)\" ><div class=\"fusion-builder-row fusion-row fusion-flex-align-items-flex-start fusion-flex-align-content-center fusion-flex-content-wrap\" style=\"max-width:1404px;margin-left: calc(-4% \/ 2 );margin-right: calc(-4% \/ 2 );\"><div class=\"fusion-layout-column fusion_builder_column fusion-builder-column-0 fusion_builder_column_1_1 1_1 fusion-flex-column fusion-animated\" style=\"--awb-padding-bottom:40px;--awb-bg-size:cover;--awb-width-large:100%;--awb-margin-top-large:0px;--awb-spacing-right-large:6.4%;--awb-margin-bottom-large:20px;--awb-spacing-left-large:1.92%;--awb-width-medium:100%;--awb-order-medium:0;--awb-spacing-right-medium:1.92%;--awb-spacing-left-medium:1.92%;--awb-width-small:100%;--awb-order-small:0;--awb-spacing-right-small:1.92%;--awb-spacing-left-small:1.92%;\" data-animationType=\"fadeInUp\" data-animationDuration=\"0.6\" data-animationOffset=\"top-into-view\"><div class=\"fusion-column-wrapper fusion-column-has-shadow fusion-flex-justify-content-flex-start fusion-content-layout-column\"><div class=\"fusion-title title fusion-title-1 fusion-sep-none fusion-title-center fusion-title-text fusion-title-size-one\" style=\"--awb-text-color:#f57f20;--awb-margin-top-small:10px;--awb-margin-right-small:0px;--awb-margin-bottom-small:10px;--awb-margin-left-small:0px;\"><h1 class=\"fusion-title-heading title-heading-center fusion-responsive-typography-calculated\" style=\"margin:0;--fontSize:60;line-height:2.5;\">Fortrolighedspolitik<\/h1><\/div><\/div><\/div><\/div><\/div><div class=\"fusion-fullwidth fullwidth-box fusion-builder-row-2 fusion-flex-container hundred-percent-fullwidth non-hundred-percent-height-scrolling\" style=\"--awb-border-radius-top-left:0px;--awb-border-radius-top-right:0px;--awb-border-radius-bottom-right:0px;--awb-border-radius-bottom-left:0px;--awb-padding-left:0px;--awb-margin-top:0px;--awb-margin-bottom:0px;--awb-background-color:#fef4ea;--awb-flex-wrap:wrap;\" ><div class=\"fusion-builder-row fusion-row fusion-flex-align-items-flex-start fusion-flex-justify-content-center fusion-flex-content-wrap\" style=\"width:104% !important;max-width:104% !important;margin-left: calc(-4% \/ 2 );margin-right: calc(-4% \/ 2 );\"><div class=\"fusion-layout-column fusion_builder_column fusion-builder-column-1 fusion_builder_column_4_5 4_5 fusion-flex-column fusion-animated\" style=\"--awb-bg-size:cover;--awb-width-large:80%;--awb-margin-top-large:0px;--awb-spacing-right-large:6%;--awb-margin-bottom-large:5%;--awb-spacing-left-large:6%;--awb-width-medium:100%;--awb-order-medium:0;--awb-spacing-right-medium:4.8%;--awb-spacing-left-medium:4.8%;--awb-width-small:100%;--awb-order-small:0;--awb-spacing-right-small:1.92%;--awb-spacing-left-small:1.92%;\" data-animationType=\"fadeInRight\" data-animationDuration=\"1.0\" data-animationOffset=\"top-into-view\"><div class=\"fusion-column-wrapper fusion-column-has-shadow fusion-flex-justify-content-flex-start fusion-content-layout-column\"><div class=\"fusion-text fusion-text-1\" style=\"--awb-font-size:22px;--awb-line-height:2em;--awb-text-transform:none;--awb-text-color:#2a2a2a;\"><h3>Generelt<\/h3>\n<p>Vores kunders tillid er utrolig vigtig for os. Tillid er blandt andet baseret p\u00e5, hvordan vi h\u00e5ndterer de oplysninger, vi indsamler om dig som kunde eller potentiel kunde, og vores evne til at beskytte dit privatliv. Vi \u00f8nsker at beskrive s\u00e5 klart og gennemsigtigt som muligt, hvordan vi indsamler, gemmer og bruger de oplysninger, som du giver os p\u00e5 grund af din brug af vores hjemmeside eller tjenester.<\/p>\n<h3>Persondataansvarlig<\/h3>\n<p>Anders Fox Magical Entertainment (Anders Fox, vi, vores, os) er ansvarlig for de personlige oplysninger, der indsamles p\u00e5 denne hjemmeside eller p\u00e5 anden m\u00e5de.<\/p>\n<p>Du kan kontakte os via vores kontaktside p\u00e5 denne hjemmeside.<\/p>\n<h3>Hvilke personlige oplysninger indsamler vi?<\/h3>\n<p>De oplysninger, vi indsamler, er prim\u00e6rt personoplysninger, som du giver, n\u00e5r du bruger vores hjemmeside ved at indsende oplysninger via vores kontaktformularer.<\/p>\n<h3>Cookies<\/h3>\n<p>En cookie er en lille tekstfil, der gemmes p\u00e5 den bes\u00f8gendes computer, n\u00e5r man bes\u00f8ger andersfox.se. Vi bruger cookies til at give dig som bruger af vores hjemmeside adgang til forskellige funktioner og til at indsamle statistik for vores hjemmeside og brugernes adf\u00e6rd. Du kan sl\u00e5 denne funktion fra i din browser, hvilket kan resultere i, at nogle funktioner begr\u00e6nses.<\/p>\n<h3>Personlige oplysninger gives ved henvendelse til Anders Fox.<\/h3>\n<p>N\u00e5r du f.eks. kontakt os p\u00e5 e-mail eller telefon eller ved et personligt m\u00f8de, vi kan alt efter sagen gemme oplysninger om dig, som er n\u00f8dvendige for at besvare dit sp\u00f8rgsm\u00e5l eller hj\u00e6lpe dig med et problem. Det kan v\u00e6re navn, telefonnummer, adresse, e-mailadresse og hvad sagen drejer sig om. Dine personoplysninger kan blive gemt i din egenskab af kontaktperson.<\/p>\n<h3>Form\u00e5let med vores behandling<\/h3>\n<p>Hovedform\u00e5let med behandlingen af dine personoplysninger er direkte kommunikation til dig som kunde og at udvikle og forbedre vores forretning og din kundeoplevelse.<\/p>\n<p>Kundeoplysninger kan blive brugt i markedsf\u00f8ringssammenh\u00e6nge af Anders Fox eller for virksomheder uden for virksomheden, som Anders Fox samarbejder med om markedsf\u00f8ring. Virksomheder, som Anders Fox samarbejder med, har deres egen GDPR-kompatible politik p\u00e5 plads. Dette g\u00e6lder ogs\u00e5 for virksomheder uden for EU\/E\u00d8S.<\/p>\n<h3>Retsgrundlaget for vores h\u00e5ndtering<\/h3>\n<p>Anders Fox kan behandle og opbevare dine oplysninger baseret p\u00e5 juridiske grunde, f.eks. for at kunne opfylde vores aftale med dig som kunde.<\/p>\n<p>Hvem behandler &#8211; videregivelse af personoplysninger<br \/>\nKun vores personale har adgang til de oplysninger, som vi gemmer lokalt i vores kundedatabase. Nogle oplysninger opbevares hos vores leverand\u00f8rer eller i cloud-l\u00f8sninger og betyder, at vi overf\u00f8rer persondata til leverand\u00f8ren, hvor leverand\u00f8ren er vores persondataassistent, der kun behandler dataene p\u00e5 vores vegne efter aftale med Anders Fox.<\/p>\n<h3>Opbevaringstid for personlige data<\/h3>\n<p>Opbevaringsperioden for dine personoplysninger str\u00e6kker sig, indtil form\u00e5lene med behandlingen er opfyldt og udtyndes eller anonymiseres, n\u00e5r de ikke l\u00e6ngere er relevante for de form\u00e5l, som de er indsamlet til.<\/p>\n<p>Personoplysninger, som vi gemmer p\u00e5 baggrund af, at du er kunde hos os eller bruger tjenester hos os, forbliver, s\u00e5 l\u00e6nge du er aktiv kunde hos os.<\/p>\n<p>De samme personoplysninger kan opbevares hos os flere forskellige steder til forskellige form\u00e5l. For eksempel. nyhedsbrev eller fakturering. Det betyder, at en data, der slettes fra et system, kan forblive i et andet system, hvor den opbevares p\u00e5 grundlag af et andet lovgrundlag eller til et andet form\u00e5l, hvor der stadig er behov for personoplysningerne.<\/p>\n<p>Du kan anmode om, at vi sletter alle personlige oplysninger, vi har om dig. Dette inkluderer ikke nogen information, som vi skal gemme til administrative, juridiske eller sikkerhedsm\u00e6ssige form\u00e5l.<\/p>\n<h3>Videregivelse eller \u00e6ndring af personoplysninger<\/h3>\n<p>For at sikre, at privatlivslovgivningen ikke misbruges af andre til skade for dig, har Anders Fox et ansvar for at sikre din identitet i kontakter vedr\u00f8rende din identitet. Alt efter hvad kontakten refererer til, kan vi derfor kr\u00e6ve, at du kan bevise din identitet p\u00e5 en passende m\u00e5de.<\/p>\n<h3>Klager til tilsynsmyndigheden<\/h3>\n<p>Du har altid ret til at indgive en klage over vores behandling af dine personoplysninger til en tilsynsmyndighed, som i vores tilf\u00e6lde er Datatilsynet. For kontaktoplysninger, se www.datainspektionen.se.<\/p>\n<h3>\u00c6ndringer i persondatapolitikken<\/h3>\n<p>Denne persondatapolitik kan blive opdateret fra tid til anden. Du finder altid den seneste version p\u00e5 vores hjemmeside.<\/p>\n<\/div><\/div><\/div><\/div><\/div><\/p>\n","protected":false},"excerpt":{"rendered":"","protected":false},"author":1,"featured_media":3381,"parent":0,"menu_order":0,"comment_status":"closed","ping_status":"closed","template":"100-width.php","meta":{"footnotes":""},"class_list":["post-3542","page","type-page","status-publish","has-post-thumbnail","hentry"],"yoast_head":"<!-- This site is optimized with the Yoast SEO plugin v27.4 - https:\/\/yoast.com\/product\/yoast-seo-wordpress\/ -->\n<title>Fortrolighedspolitik - Anders Fox<\/title>\n<meta name=\"description\" content=\"H\u00e5ndtering af persondata.\" \/>\n<meta name=\"robots\" content=\"index, follow, max-snippet:-1, max-image-preview:large, max-video-preview:-1\" \/>\n<link rel=\"canonical\" href=\"https:\/\/www.andersfox.se\/da\/fortrolighedspolitik\/\" \/>\n<meta property=\"og:locale\" content=\"da_DK\" \/>\n<meta property=\"og:type\" content=\"article\" \/>\n<meta property=\"og:title\" content=\"Fortrolighedspolitik - Anders Fox\" \/>\n<meta property=\"og:description\" content=\"H\u00e5ndtering af persondata.\" \/>\n<meta property=\"og:url\" content=\"https:\/\/www.andersfox.se\/da\/fortrolighedspolitik\/\" \/>\n<meta property=\"og:site_name\" content=\"Anders Fox\" \/>\n<meta property=\"article:modified_time\" content=\"2022-05-15T20:39:42+00:00\" \/>\n<meta property=\"og:image\" content=\"https:\/\/www.andersfox.se\/wp-content\/uploads\/2022\/05\/social-andersfox-hem.jpg\" \/>\n\t<meta property=\"og:image:width\" content=\"1200\" \/>\n\t<meta property=\"og:image:height\" content=\"1200\" \/>\n\t<meta property=\"og:image:type\" content=\"image\/jpeg\" \/>\n<meta name=\"twitter:card\" content=\"summary_large_image\" \/>\n<meta name=\"twitter:label1\" content=\"Estimeret l\u00e6setid\" \/>\n\t<meta name=\"twitter:data1\" content=\"11 minutter\" \/>\n<script type=\"application\/ld+json\" class=\"yoast-schema-graph\">{\"@context\":\"https:\\\/\\\/schema.org\",\"@graph\":[{\"@type\":\"WebPage\",\"@id\":\"https:\\\/\\\/www.andersfox.se\\\/da\\\/fortrolighedspolitik\\\/\",\"url\":\"https:\\\/\\\/www.andersfox.se\\\/da\\\/fortrolighedspolitik\\\/\",\"name\":\"Fortrolighedspolitik - Anders Fox\",\"isPartOf\":{\"@id\":\"https:\\\/\\\/www.andersfox.se\\\/da\\\/#website\"},\"primaryImageOfPage\":{\"@id\":\"https:\\\/\\\/www.andersfox.se\\\/da\\\/fortrolighedspolitik\\\/#primaryimage\"},\"image\":{\"@id\":\"https:\\\/\\\/www.andersfox.se\\\/da\\\/fortrolighedspolitik\\\/#primaryimage\"},\"thumbnailUrl\":\"https:\\\/\\\/www.andersfox.se\\\/wp-content\\\/uploads\\\/2022\\\/05\\\/social-andersfox-hem.jpg\",\"datePublished\":\"2022-05-15T20:32:14+00:00\",\"dateModified\":\"2022-05-15T20:39:42+00:00\",\"description\":\"H\u00e5ndtering af persondata.\",\"breadcrumb\":{\"@id\":\"https:\\\/\\\/www.andersfox.se\\\/da\\\/fortrolighedspolitik\\\/#breadcrumb\"},\"inLanguage\":\"da-DK\",\"potentialAction\":[{\"@type\":\"ReadAction\",\"target\":[\"https:\\\/\\\/www.andersfox.se\\\/da\\\/fortrolighedspolitik\\\/\"]}]},{\"@type\":\"ImageObject\",\"inLanguage\":\"da-DK\",\"@id\":\"https:\\\/\\\/www.andersfox.se\\\/da\\\/fortrolighedspolitik\\\/#primaryimage\",\"url\":\"https:\\\/\\\/www.andersfox.se\\\/wp-content\\\/uploads\\\/2022\\\/05\\\/social-andersfox-hem.jpg\",\"contentUrl\":\"https:\\\/\\\/www.andersfox.se\\\/wp-content\\\/uploads\\\/2022\\\/05\\\/social-andersfox-hem.jpg\",\"width\":1200,\"height\":1200,\"caption\":\"Anders Fox - Magical Entertainer\"},{\"@type\":\"BreadcrumbList\",\"@id\":\"https:\\\/\\\/www.andersfox.se\\\/da\\\/fortrolighedspolitik\\\/#breadcrumb\",\"itemListElement\":[{\"@type\":\"ListItem\",\"position\":1,\"name\":\"Home\",\"item\":\"https:\\\/\\\/www.andersfox.se\\\/da\\\/hjem\\\/\"},{\"@type\":\"ListItem\",\"position\":2,\"name\":\"Fortrolighedspolitik\"}]},{\"@type\":\"WebSite\",\"@id\":\"https:\\\/\\\/www.andersfox.se\\\/da\\\/#website\",\"url\":\"https:\\\/\\\/www.andersfox.se\\\/da\\\/\",\"name\":\"Anders Fox\",\"description\":\"Magical Entertainer\",\"potentialAction\":[{\"@type\":\"SearchAction\",\"target\":{\"@type\":\"EntryPoint\",\"urlTemplate\":\"https:\\\/\\\/www.andersfox.se\\\/da\\\/?s={search_term_string}\"},\"query-input\":{\"@type\":\"PropertyValueSpecification\",\"valueRequired\":true,\"valueName\":\"search_term_string\"}}],\"inLanguage\":\"da-DK\"}]}<\/script>\n<!-- \/ Yoast SEO plugin. -->","yoast_head_json":{"title":"Fortrolighedspolitik - Anders Fox","description":"H\u00e5ndtering af persondata.","robots":{"index":"index","follow":"follow","max-snippet":"max-snippet:-1","max-image-preview":"max-image-preview:large","max-video-preview":"max-video-preview:-1"},"canonical":"https:\/\/www.andersfox.se\/da\/fortrolighedspolitik\/","og_locale":"da_DK","og_type":"article","og_title":"Fortrolighedspolitik - Anders Fox","og_description":"H\u00e5ndtering af persondata.","og_url":"https:\/\/www.andersfox.se\/da\/fortrolighedspolitik\/","og_site_name":"Anders Fox","article_modified_time":"2022-05-15T20:39:42+00:00","og_image":[{"width":1200,"height":1200,"url":"https:\/\/www.andersfox.se\/wp-content\/uploads\/2022\/05\/social-andersfox-hem.jpg","type":"image\/jpeg"}],"twitter_card":"summary_large_image","twitter_misc":{"Estimeret l\u00e6setid":"11 minutter"},"schema":{"@context":"https:\/\/schema.org","@graph":[{"@type":"WebPage","@id":"https:\/\/www.andersfox.se\/da\/fortrolighedspolitik\/","url":"https:\/\/www.andersfox.se\/da\/fortrolighedspolitik\/","name":"Fortrolighedspolitik - Anders Fox","isPartOf":{"@id":"https:\/\/www.andersfox.se\/da\/#website"},"primaryImageOfPage":{"@id":"https:\/\/www.andersfox.se\/da\/fortrolighedspolitik\/#primaryimage"},"image":{"@id":"https:\/\/www.andersfox.se\/da\/fortrolighedspolitik\/#primaryimage"},"thumbnailUrl":"https:\/\/www.andersfox.se\/wp-content\/uploads\/2022\/05\/social-andersfox-hem.jpg","datePublished":"2022-05-15T20:32:14+00:00","dateModified":"2022-05-15T20:39:42+00:00","description":"H\u00e5ndtering af persondata.","breadcrumb":{"@id":"https:\/\/www.andersfox.se\/da\/fortrolighedspolitik\/#breadcrumb"},"inLanguage":"da-DK","potentialAction":[{"@type":"ReadAction","target":["https:\/\/www.andersfox.se\/da\/fortrolighedspolitik\/"]}]},{"@type":"ImageObject","inLanguage":"da-DK","@id":"https:\/\/www.andersfox.se\/da\/fortrolighedspolitik\/#primaryimage","url":"https:\/\/www.andersfox.se\/wp-content\/uploads\/2022\/05\/social-andersfox-hem.jpg","contentUrl":"https:\/\/www.andersfox.se\/wp-content\/uploads\/2022\/05\/social-andersfox-hem.jpg","width":1200,"height":1200,"caption":"Anders Fox - Magical Entertainer"},{"@type":"BreadcrumbList","@id":"https:\/\/www.andersfox.se\/da\/fortrolighedspolitik\/#breadcrumb","itemListElement":[{"@type":"ListItem","position":1,"name":"Home","item":"https:\/\/www.andersfox.se\/da\/hjem\/"},{"@type":"ListItem","position":2,"name":"Fortrolighedspolitik"}]},{"@type":"WebSite","@id":"https:\/\/www.andersfox.se\/da\/#website","url":"https:\/\/www.andersfox.se\/da\/","name":"Anders Fox","description":"Magical Entertainer","potentialAction":[{"@type":"SearchAction","target":{"@type":"EntryPoint","urlTemplate":"https:\/\/www.andersfox.se\/da\/?s={search_term_string}"},"query-input":{"@type":"PropertyValueSpecification","valueRequired":true,"valueName":"search_term_string"}}],"inLanguage":"da-DK"}]}},"_links":{"self":[{"href":"https:\/\/www.andersfox.se\/da\/wp-json\/wp\/v2\/pages\/3542","targetHints":{"allow":["GET"]}}],"collection":[{"href":"https:\/\/www.andersfox.se\/da\/wp-json\/wp\/v2\/pages"}],"about":[{"href":"https:\/\/www.andersfox.se\/da\/wp-json\/wp\/v2\/types\/page"}],"author":[{"embeddable":true,"href":"https:\/\/www.andersfox.se\/da\/wp-json\/wp\/v2\/users\/1"}],"replies":[{"embeddable":true,"href":"https:\/\/www.andersfox.se\/da\/wp-json\/wp\/v2\/comments?post=3542"}],"version-history":[{"count":4,"href":"https:\/\/www.andersfox.se\/da\/wp-json\/wp\/v2\/pages\/3542\/revisions"}],"predecessor-version":[{"id":3555,"href":"https:\/\/www.andersfox.se\/da\/wp-json\/wp\/v2\/pages\/3542\/revisions\/3555"}],"wp:featuredmedia":[{"embeddable":true,"href":"https:\/\/www.andersfox.se\/da\/wp-json\/wp\/v2\/media\/3381"}],"wp:attachment":[{"href":"https:\/\/www.andersfox.se\/da\/wp-json\/wp\/v2\/media?parent=3542"}],"curies":[{"name":"wp","href":"https:\/\/api.w.org\/{rel}","templated":true}]}}